{"id":9780,"date":"2022-11-08T15:32:56","date_gmt":"2022-11-08T15:32:56","guid":{"rendered":"https:\/\/mamadevelop.env.ennismore.com\/lisboa\/trabalha-festeja\/"},"modified":"2026-01-23T11:28:12","modified_gmt":"2026-01-23T11:28:12","slug":"trabalha-festeja","status":"publish","type":"page","link":"https:\/\/pt.mamadevelop.env.ennismore.com\/lisboa\/trabalha-festeja\/","title":{"rendered":"Trabalha &#038; Festeja"},"content":{"rendered":"","protected":false},"excerpt":{"rendered":"","protected":false},"author":6,"featured_media":0,"parent":0,"menu_order":0,"comment_status":"closed","ping_status":"closed","template":"","meta":{"footnotes":""},"class_list":["post-9780","page","type-page","status-publish","hentry"],"acf":[],"yoast_head":"<!-- This site is optimized with the Yoast SEO plugin v20.13 - https:\/\/yoast.com\/wordpress\/plugins\/seo\/ -->\n<title>Reuni\u00f5es, Semin\u00e1rios e Eventos emLisboa | Mama Shelter<\/title>\n<meta name=\"description\" content=\"Planeje seus semin\u00e1rios, eventos, forma\u00e7\u00f5es de equipe com seu pessoal em nossos escrit\u00f3rios de design exclusivo em Mama Shelter Lisboa.\" \/>\n<meta name=\"robots\" content=\"index, follow, max-snippet:-1, max-image-preview:large, max-video-preview:-1\" \/>\n<link rel=\"canonical\" href=\"https:\/\/pt.mamadevelop.env.ennismore.com\/lisboa\/trabalha-festeja\/\" \/>\n<meta property=\"og:locale\" content=\"pt_PT\" \/>\n<meta property=\"og:type\" content=\"article\" \/>\n<meta property=\"og:title\" content=\"Reuni\u00f5es, Semin\u00e1rios e Eventos emLisboa | Mama Shelter\" \/>\n<meta property=\"og:description\" content=\"Planeje seus semin\u00e1rios, eventos, forma\u00e7\u00f5es de equipe com seu pessoal em nossos escrit\u00f3rios de design exclusivo em Mama Shelter Lisboa.\" \/>\n<meta property=\"og:url\" content=\"https:\/\/pt.mamadevelop.env.ennismore.com\/lisboa\/trabalha-festeja\/\" \/>\n<meta property=\"og:site_name\" content=\"Lisboa\" \/>\n<meta property=\"article:modified_time\" content=\"2026-01-23T11:28:12+00:00\" \/>\n<meta name=\"twitter:card\" content=\"summary_large_image\" \/>\n<script type=\"application\/ld+json\" class=\"yoast-schema-graph\">{\"@context\":\"https:\/\/schema.org\",\"@graph\":[{\"@type\":\"WebPage\",\"@id\":\"https:\/\/pt.mamadevelop.env.ennismore.com\/lisboa\/trabalha-festeja\/\",\"url\":\"https:\/\/pt.mamadevelop.env.ennismore.com\/lisboa\/trabalha-festeja\/\",\"name\":\"Reuni\u00f5es, Semin\u00e1rios e Eventos emLisboa | Mama Shelter\",\"isPartOf\":{\"@id\":\"https:\/\/pt.mamadevelop.env.ennismore.com\/lisboa\/#website\"},\"datePublished\":\"2022-11-08T15:32:56+00:00\",\"dateModified\":\"2026-01-23T11:28:12+00:00\",\"description\":\"Planeje seus semin\u00e1rios, eventos, forma\u00e7\u00f5es de equipe com seu pessoal em nossos escrit\u00f3rios de design exclusivo em Mama Shelter Lisboa.\",\"breadcrumb\":{\"@id\":\"https:\/\/pt.mamadevelop.env.ennismore.com\/lisboa\/trabalha-festeja\/#breadcrumb\"},\"inLanguage\":\"pt-PT\",\"potentialAction\":[{\"@type\":\"ReadAction\",\"target\":[\"https:\/\/pt.mamadevelop.env.ennismore.com\/lisboa\/trabalha-festeja\/\"]}]},{\"@type\":\"BreadcrumbList\",\"@id\":\"https:\/\/pt.mamadevelop.env.ennismore.com\/lisboa\/trabalha-festeja\/#breadcrumb\",\"itemListElement\":[{\"@type\":\"ListItem\",\"position\":1,\"name\":\"Home\",\"item\":\"https:\/\/pt.mamadevelop.env.ennismore.com\/lisboa\/\"},{\"@type\":\"ListItem\",\"position\":2,\"name\":\"Trabalha &#038; Festeja\"}]},{\"@type\":\"WebSite\",\"@id\":\"https:\/\/pt.mamadevelop.env.ennismore.com\/lisboa\/#website\",\"url\":\"https:\/\/pt.mamadevelop.env.ennismore.com\/lisboa\/\",\"name\":\"Lisboa\",\"description\":\"Mama Shelter\",\"potentialAction\":[{\"@type\":\"SearchAction\",\"target\":{\"@type\":\"EntryPoint\",\"urlTemplate\":\"https:\/\/pt.mamadevelop.env.ennismore.com\/lisboa\/?s={search_term_string}\"},\"query-input\":\"required name=search_term_string\"}],\"inLanguage\":\"pt-PT\"}]}<\/script>\n<!-- \/ Yoast SEO plugin. -->","yoast_head_json":{"title":"Reuni\u00f5es, Semin\u00e1rios e Eventos emLisboa | Mama Shelter","description":"Planeje seus semin\u00e1rios, eventos, forma\u00e7\u00f5es de equipe com seu pessoal em nossos escrit\u00f3rios de design exclusivo em Mama Shelter Lisboa.","robots":{"index":"index","follow":"follow","max-snippet":"max-snippet:-1","max-image-preview":"max-image-preview:large","max-video-preview":"max-video-preview:-1"},"canonical":"https:\/\/pt.mamadevelop.env.ennismore.com\/lisboa\/trabalha-festeja\/","og_locale":"pt_PT","og_type":"article","og_title":"Reuni\u00f5es, Semin\u00e1rios e Eventos emLisboa | Mama Shelter","og_description":"Planeje seus semin\u00e1rios, eventos, forma\u00e7\u00f5es de equipe com seu pessoal em nossos escrit\u00f3rios de design exclusivo em Mama Shelter Lisboa.","og_url":"https:\/\/pt.mamadevelop.env.ennismore.com\/lisboa\/trabalha-festeja\/","og_site_name":"Lisboa","article_modified_time":"2026-01-23T11:28:12+00:00","twitter_card":"summary_large_image","schema":{"@context":"https:\/\/schema.org","@graph":[{"@type":"WebPage","@id":"https:\/\/pt.mamadevelop.env.ennismore.com\/lisboa\/trabalha-festeja\/","url":"https:\/\/pt.mamadevelop.env.ennismore.com\/lisboa\/trabalha-festeja\/","name":"Reuni\u00f5es, Semin\u00e1rios e Eventos emLisboa | Mama Shelter","isPartOf":{"@id":"https:\/\/pt.mamadevelop.env.ennismore.com\/lisboa\/#website"},"datePublished":"2022-11-08T15:32:56+00:00","dateModified":"2026-01-23T11:28:12+00:00","description":"Planeje seus semin\u00e1rios, eventos, forma\u00e7\u00f5es de equipe com seu pessoal em nossos escrit\u00f3rios de design exclusivo em Mama Shelter Lisboa.","breadcrumb":{"@id":"https:\/\/pt.mamadevelop.env.ennismore.com\/lisboa\/trabalha-festeja\/#breadcrumb"},"inLanguage":"pt-PT","potentialAction":[{"@type":"ReadAction","target":["https:\/\/pt.mamadevelop.env.ennismore.com\/lisboa\/trabalha-festeja\/"]}]},{"@type":"BreadcrumbList","@id":"https:\/\/pt.mamadevelop.env.ennismore.com\/lisboa\/trabalha-festeja\/#breadcrumb","itemListElement":[{"@type":"ListItem","position":1,"name":"Home","item":"https:\/\/pt.mamadevelop.env.ennismore.com\/lisboa\/"},{"@type":"ListItem","position":2,"name":"Trabalha &#038; Festeja"}]},{"@type":"WebSite","@id":"https:\/\/pt.mamadevelop.env.ennismore.com\/lisboa\/#website","url":"https:\/\/pt.mamadevelop.env.ennismore.com\/lisboa\/","name":"Lisboa","description":"Mama Shelter","potentialAction":[{"@type":"SearchAction","target":{"@type":"EntryPoint","urlTemplate":"https:\/\/pt.mamadevelop.env.ennismore.com\/lisboa\/?s={search_term_string}"},"query-input":"required name=search_term_string"}],"inLanguage":"pt-PT"}]}},"_links":{"self":[{"href":"https:\/\/pt.mamadevelop.env.ennismore.com\/lisboa\/wp-json\/wp\/v2\/pages\/9780","targetHints":{"allow":["GET"]}}],"collection":[{"href":"https:\/\/pt.mamadevelop.env.ennismore.com\/lisboa\/wp-json\/wp\/v2\/pages"}],"about":[{"href":"https:\/\/pt.mamadevelop.env.ennismore.com\/lisboa\/wp-json\/wp\/v2\/types\/page"}],"author":[{"embeddable":true,"href":"https:\/\/pt.mamadevelop.env.ennismore.com\/lisboa\/wp-json\/wp\/v2\/users\/6"}],"replies":[{"embeddable":true,"href":"https:\/\/pt.mamadevelop.env.ennismore.com\/lisboa\/wp-json\/wp\/v2\/comments?post=9780"}],"version-history":[{"count":1,"href":"https:\/\/pt.mamadevelop.env.ennismore.com\/lisboa\/wp-json\/wp\/v2\/pages\/9780\/revisions"}],"predecessor-version":[{"id":10046,"href":"https:\/\/pt.mamadevelop.env.ennismore.com\/lisboa\/wp-json\/wp\/v2\/pages\/9780\/revisions\/10046"}],"wp:attachment":[{"href":"https:\/\/pt.mamadevelop.env.ennismore.com\/lisboa\/wp-json\/wp\/v2\/media?parent=9780"}],"curies":[{"name":"wp","href":"https:\/\/api.w.org\/{rel}","templated":true}]}}