{"id":6733,"date":"2021-04-13T16:10:03","date_gmt":"2021-04-13T16:10:03","guid":{"rendered":"https:\/\/mamadevelop.env.ennismore.com\/lisboa\/as-nossas-ofertas\/"},"modified":"2025-07-31T15:20:46","modified_gmt":"2025-07-31T15:20:46","slug":"ofertas","status":"publish","type":"page","link":"https:\/\/pt.mamadevelop.env.ennismore.com\/lisboa\/ofertas\/","title":{"rendered":"Ofertas"},"content":{"rendered":"","protected":false},"excerpt":{"rendered":"","protected":false},"author":6,"featured_media":9417,"parent":0,"menu_order":1,"comment_status":"closed","ping_status":"closed","template":"page-offer.php","meta":{"footnotes":""},"class_list":["post-6733","page","type-page","status-publish","has-post-thumbnail","hentry"],"acf":[],"yoast_head":"<!-- This site is optimized with the Yoast SEO plugin v20.13 - https:\/\/yoast.com\/wordpress\/plugins\/seo\/ -->\n<title>Ofertas, boas oportunidades e promo\u00e7\u00f5es | Mama Shelter<\/title>\n<meta name=\"description\" content=\"As nossas ofertas, boas oportunidades e promo\u00e7\u00f5es para que aprecie ainda mais a sua estadia no Mama Shelter Lisboa.\" \/>\n<meta name=\"robots\" content=\"index, follow, max-snippet:-1, max-image-preview:large, max-video-preview:-1\" \/>\n<link rel=\"canonical\" href=\"https:\/\/pt.mamadevelop.env.ennismore.com\/lisboa\/ofertas\/\" \/>\n<meta property=\"og:locale\" content=\"pt_PT\" \/>\n<meta property=\"og:type\" content=\"article\" \/>\n<meta property=\"og:title\" content=\"Ofertas, boas oportunidades e promo\u00e7\u00f5es | Mama Shelter\" \/>\n<meta property=\"og:description\" content=\"As nossas ofertas, boas oportunidades e promo\u00e7\u00f5es para que aprecie ainda mais a sua estadia no Mama Shelter Lisboa.\" \/>\n<meta property=\"og:url\" content=\"https:\/\/pt.mamadevelop.env.ennismore.com\/lisboa\/ofertas\/\" \/>\n<meta property=\"og:site_name\" content=\"Lisboa\" \/>\n<meta property=\"article:modified_time\" content=\"2025-07-31T15:20:46+00:00\" \/>\n<meta property=\"og:image\" content=\"https:\/\/mamadevelop.env.ennismore.com\/lisboa\/wp-content\/uploads\/sites\/30\/2022\/07\/MAMA-LISBOA-06-01-22-0679_FA-1-scaled.jpg\" \/>\n\t<meta property=\"og:image:width\" content=\"2560\" \/>\n\t<meta property=\"og:image:height\" content=\"1707\" \/>\n\t<meta property=\"og:image:type\" content=\"image\/jpeg\" \/>\n<meta name=\"twitter:card\" content=\"summary_large_image\" \/>\n<script type=\"application\/ld+json\" class=\"yoast-schema-graph\">{\"@context\":\"https:\/\/schema.org\",\"@graph\":[{\"@type\":\"WebPage\",\"@id\":\"https:\/\/pt.mamadevelop.env.ennismore.com\/lisboa\/ofertas\/\",\"url\":\"https:\/\/pt.mamadevelop.env.ennismore.com\/lisboa\/ofertas\/\",\"name\":\"Ofertas, boas oportunidades e promo\u00e7\u00f5es | Mama Shelter\",\"isPartOf\":{\"@id\":\"https:\/\/pt.mamadevelop.env.ennismore.com\/lisboa\/#website\"},\"datePublished\":\"2021-04-13T16:10:03+00:00\",\"dateModified\":\"2025-07-31T15:20:46+00:00\",\"description\":\"As nossas ofertas, boas oportunidades e promo\u00e7\u00f5es para que aprecie ainda mais a sua estadia no Mama Shelter Lisboa.\",\"breadcrumb\":{\"@id\":\"https:\/\/pt.mamadevelop.env.ennismore.com\/lisboa\/ofertas\/#breadcrumb\"},\"inLanguage\":\"pt-PT\",\"potentialAction\":[{\"@type\":\"ReadAction\",\"target\":[\"https:\/\/pt.mamadevelop.env.ennismore.com\/lisboa\/ofertas\/\"]}]},{\"@type\":\"BreadcrumbList\",\"@id\":\"https:\/\/pt.mamadevelop.env.ennismore.com\/lisboa\/ofertas\/#breadcrumb\",\"itemListElement\":[{\"@type\":\"ListItem\",\"position\":1,\"name\":\"Home\",\"item\":\"https:\/\/pt.mamadevelop.env.ennismore.com\/lisboa\/\"},{\"@type\":\"ListItem\",\"position\":2,\"name\":\"Ofertas\"}]},{\"@type\":\"WebSite\",\"@id\":\"https:\/\/pt.mamadevelop.env.ennismore.com\/lisboa\/#website\",\"url\":\"https:\/\/pt.mamadevelop.env.ennismore.com\/lisboa\/\",\"name\":\"Lisboa\",\"description\":\"Mama Shelter\",\"potentialAction\":[{\"@type\":\"SearchAction\",\"target\":{\"@type\":\"EntryPoint\",\"urlTemplate\":\"https:\/\/pt.mamadevelop.env.ennismore.com\/lisboa\/?s={search_term_string}\"},\"query-input\":\"required name=search_term_string\"}],\"inLanguage\":\"pt-PT\"}]}<\/script>\n<!-- \/ Yoast SEO plugin. -->","yoast_head_json":{"title":"Ofertas, boas oportunidades e promo\u00e7\u00f5es | Mama Shelter","description":"As nossas ofertas, boas oportunidades e promo\u00e7\u00f5es para que aprecie ainda mais a sua estadia no Mama Shelter Lisboa.","robots":{"index":"index","follow":"follow","max-snippet":"max-snippet:-1","max-image-preview":"max-image-preview:large","max-video-preview":"max-video-preview:-1"},"canonical":"https:\/\/pt.mamadevelop.env.ennismore.com\/lisboa\/ofertas\/","og_locale":"pt_PT","og_type":"article","og_title":"Ofertas, boas oportunidades e promo\u00e7\u00f5es | Mama Shelter","og_description":"As nossas ofertas, boas oportunidades e promo\u00e7\u00f5es para que aprecie ainda mais a sua estadia no Mama Shelter Lisboa.","og_url":"https:\/\/pt.mamadevelop.env.ennismore.com\/lisboa\/ofertas\/","og_site_name":"Lisboa","article_modified_time":"2025-07-31T15:20:46+00:00","og_image":[{"width":2560,"height":1707,"url":"https:\/\/mamadevelop.env.ennismore.com\/lisboa\/wp-content\/uploads\/sites\/30\/2022\/07\/MAMA-LISBOA-06-01-22-0679_FA-1-scaled.jpg","type":"image\/jpeg"}],"twitter_card":"summary_large_image","schema":{"@context":"https:\/\/schema.org","@graph":[{"@type":"WebPage","@id":"https:\/\/pt.mamadevelop.env.ennismore.com\/lisboa\/ofertas\/","url":"https:\/\/pt.mamadevelop.env.ennismore.com\/lisboa\/ofertas\/","name":"Ofertas, boas oportunidades e promo\u00e7\u00f5es | Mama Shelter","isPartOf":{"@id":"https:\/\/pt.mamadevelop.env.ennismore.com\/lisboa\/#website"},"datePublished":"2021-04-13T16:10:03+00:00","dateModified":"2025-07-31T15:20:46+00:00","description":"As nossas ofertas, boas oportunidades e promo\u00e7\u00f5es para que aprecie ainda mais a sua estadia no Mama Shelter Lisboa.","breadcrumb":{"@id":"https:\/\/pt.mamadevelop.env.ennismore.com\/lisboa\/ofertas\/#breadcrumb"},"inLanguage":"pt-PT","potentialAction":[{"@type":"ReadAction","target":["https:\/\/pt.mamadevelop.env.ennismore.com\/lisboa\/ofertas\/"]}]},{"@type":"BreadcrumbList","@id":"https:\/\/pt.mamadevelop.env.ennismore.com\/lisboa\/ofertas\/#breadcrumb","itemListElement":[{"@type":"ListItem","position":1,"name":"Home","item":"https:\/\/pt.mamadevelop.env.ennismore.com\/lisboa\/"},{"@type":"ListItem","position":2,"name":"Ofertas"}]},{"@type":"WebSite","@id":"https:\/\/pt.mamadevelop.env.ennismore.com\/lisboa\/#website","url":"https:\/\/pt.mamadevelop.env.ennismore.com\/lisboa\/","name":"Lisboa","description":"Mama Shelter","potentialAction":[{"@type":"SearchAction","target":{"@type":"EntryPoint","urlTemplate":"https:\/\/pt.mamadevelop.env.ennismore.com\/lisboa\/?s={search_term_string}"},"query-input":"required name=search_term_string"}],"inLanguage":"pt-PT"}]}},"_links":{"self":[{"href":"https:\/\/pt.mamadevelop.env.ennismore.com\/lisboa\/wp-json\/wp\/v2\/pages\/6733","targetHints":{"allow":["GET"]}}],"collection":[{"href":"https:\/\/pt.mamadevelop.env.ennismore.com\/lisboa\/wp-json\/wp\/v2\/pages"}],"about":[{"href":"https:\/\/pt.mamadevelop.env.ennismore.com\/lisboa\/wp-json\/wp\/v2\/types\/page"}],"author":[{"embeddable":true,"href":"https:\/\/pt.mamadevelop.env.ennismore.com\/lisboa\/wp-json\/wp\/v2\/users\/6"}],"replies":[{"embeddable":true,"href":"https:\/\/pt.mamadevelop.env.ennismore.com\/lisboa\/wp-json\/wp\/v2\/comments?post=6733"}],"version-history":[{"count":1,"href":"https:\/\/pt.mamadevelop.env.ennismore.com\/lisboa\/wp-json\/wp\/v2\/pages\/6733\/revisions"}],"predecessor-version":[{"id":10809,"href":"https:\/\/pt.mamadevelop.env.ennismore.com\/lisboa\/wp-json\/wp\/v2\/pages\/6733\/revisions\/10809"}],"wp:featuredmedia":[{"embeddable":true,"href":"https:\/\/pt.mamadevelop.env.ennismore.com\/lisboa\/wp-json\/wp\/v2\/media\/9417"}],"wp:attachment":[{"href":"https:\/\/pt.mamadevelop.env.ennismore.com\/lisboa\/wp-json\/wp\/v2\/media?parent=6733"}],"curies":[{"name":"wp","href":"https:\/\/api.w.org\/{rel}","templated":true}]}}